{"id":80,"date":"2011-02-13T19:36:53","date_gmt":"2011-02-13T19:36:53","guid":{"rendered":"http:\/\/manuelaluchtmeijer.com\/sourisglacee\/wordpress\/?page_id=80"},"modified":"2011-12-03T23:56:24","modified_gmt":"2011-12-03T23:56:24","slug":"objets-de-labo","status":"publish","type":"page","link":"https:\/\/www.souris-glacee.com\/?page_id=80","title":{"rendered":"objets de labo"},"content":{"rendered":"<blockquote><p>Les photogrammes r\u00e9alis\u00e9s dans cette section ont \u00e9t\u00e9 faits avec des objets trouv\u00e9s dans des laboratoires de recherche biologique (verrerie, filtre, peignes) ou participant \u00e0 la recherche \u00e0 travers son activit\u00e9 m\u00e9dicale (st\u00e9thoscope, seringues) ou d&#8217;enseignement (mol\u00e9cules en plastique).<\/p><\/blockquote>\n<div style=\"height: 1em; visibility: hidden;\">space<\/div>\n<!-- default-view.php -->\n<div\n\tclass=\"ngg-galleryoverview default-view \n\t\t\"\n\tid=\"ngg-gallery-ec93babc319f8a97034a2b432033a97c-1\">\n\n\t\t<!-- Thumbnails -->\n\t\t\t\t<div id=\"ngg-image-0\" class=\"ngg-gallery-thumbnail-box \n\t\t\t\t\t\t\t\t\t\t\t\" \n\t\t\t>\n\t\t\t\t\t\t<div class=\"ngg-gallery-thumbnail\">\n\t\t\t<a href=\"https:\/\/www.souris-glacee.com\/wp-content\/gallery\/photogrammes_labo\/i151.jpg\"\n\t\t\t\ttitle=\"\\&quot;Labo 1\\&quot;. Photogramme de seringues, filtr\u00e9. 18x24. Souris glac\u00e9e 2001-2002.\"\n\t\t\t\tdata-src=\"https:\/\/www.souris-glacee.com\/wp-content\/gallery\/photogrammes_labo\/i151.jpg\"\n\t\t\t\tdata-thumbnail=\"https:\/\/www.souris-glacee.com\/wp-content\/gallery\/photogrammes_labo\/thumbs\/thumbs_i151.jpg\"\n\t\t\t\tdata-image-id=\"180\"\n\t\t\t\tdata-title=\"i151\"\n\t\t\t\tdata-description=\"&quot;Labo 1&quot;. Photogramme de seringues, filtr\u00e9. 18x24. Souris glac\u00e9e 2001-2002.\"\n\t\t\t\tdata-image-slug=\"i151\"\n\t\t\t\tclass='thickbox' rel='ec93babc319f8a97034a2b432033a97c'>\n\t\t\t\t<img\n\t\t\t\t\ttitle=\"i151\"\n\t\t\t\t\talt=\"i151\"\n\t\t\t\t\tsrc=\"https:\/\/www.souris-glacee.com\/wp-content\/gallery\/photogrammes_labo\/thumbs\/thumbs_i151.jpg\"\n\t\t\t\t\twidth=\"100\"\n\t\t\t\t\theight=\"75\"\n\t\t\t\t\tstyle=\"max-width:100%;\"\n\t\t\t\t\/>\n\t\t\t<\/a>\n\t\t<\/div>\n\t\t\t\t\t\t\t<\/div> \n\t\t\t\n\t\t\t\t<div id=\"ngg-image-1\" class=\"ngg-gallery-thumbnail-box \n\t\t\t\t\t\t\t\t\t\t\t\" \n\t\t\t>\n\t\t\t\t\t\t<div class=\"ngg-gallery-thumbnail\">\n\t\t\t<a href=\"https:\/\/www.souris-glacee.com\/wp-content\/gallery\/photogrammes_labo\/i0284.jpg\"\n\t\t\t\ttitle=\"\\&quot;Labo 2\\&quot;. Photogramme de de filtre en papier et capillaire, filtr\u00e9. 18x24. Souris glac\u00e9e 2001-2002.\"\n\t\t\t\tdata-src=\"https:\/\/www.souris-glacee.com\/wp-content\/gallery\/photogrammes_labo\/i0284.jpg\"\n\t\t\t\tdata-thumbnail=\"https:\/\/www.souris-glacee.com\/wp-content\/gallery\/photogrammes_labo\/thumbs\/thumbs_i0284.jpg\"\n\t\t\t\tdata-image-id=\"179\"\n\t\t\t\tdata-title=\"i0284\"\n\t\t\t\tdata-description=\"&quot;Labo 2&quot;. Photogramme de de filtre en papier et capillaire, filtr\u00e9. 18x24. Souris glac\u00e9e 2001-2002.\"\n\t\t\t\tdata-image-slug=\"i0284\"\n\t\t\t\tclass='thickbox' rel='ec93babc319f8a97034a2b432033a97c'>\n\t\t\t\t<img\n\t\t\t\t\ttitle=\"i0284\"\n\t\t\t\t\talt=\"i0284\"\n\t\t\t\t\tsrc=\"https:\/\/www.souris-glacee.com\/wp-content\/gallery\/photogrammes_labo\/thumbs\/thumbs_i0284.jpg\"\n\t\t\t\t\twidth=\"100\"\n\t\t\t\t\theight=\"75\"\n\t\t\t\t\tstyle=\"max-width:100%;\"\n\t\t\t\t\/>\n\t\t\t<\/a>\n\t\t<\/div>\n\t\t\t\t\t\t\t<\/div> \n\t\t\t\n\t\t\t\t<div id=\"ngg-image-2\" class=\"ngg-gallery-thumbnail-box \n\t\t\t\t\t\t\t\t\t\t\t\" \n\t\t\t>\n\t\t\t\t\t\t<div class=\"ngg-gallery-thumbnail\">\n\t\t\t<a href=\"https:\/\/www.souris-glacee.com\/wp-content\/gallery\/photogrammes_labo\/i0320.jpg\"\n\t\t\t\ttitle=\"\\&quot;Labo 3\\&quot;. Photogramme de verrerie, filtr\u00e9. 18x24. Souris glac\u00e9e 2001-2002.\"\n\t\t\t\tdata-src=\"https:\/\/www.souris-glacee.com\/wp-content\/gallery\/photogrammes_labo\/i0320.jpg\"\n\t\t\t\tdata-thumbnail=\"https:\/\/www.souris-glacee.com\/wp-content\/gallery\/photogrammes_labo\/thumbs\/thumbs_i0320.jpg\"\n\t\t\t\tdata-image-id=\"178\"\n\t\t\t\tdata-title=\"i0320\"\n\t\t\t\tdata-description=\"&quot;Labo 3&quot;. Photogramme de verrerie, filtr\u00e9. 18x24. Souris glac\u00e9e 2001-2002.\"\n\t\t\t\tdata-image-slug=\"i0320\"\n\t\t\t\tclass='thickbox' rel='ec93babc319f8a97034a2b432033a97c'>\n\t\t\t\t<img\n\t\t\t\t\ttitle=\"i0320\"\n\t\t\t\t\talt=\"i0320\"\n\t\t\t\t\tsrc=\"https:\/\/www.souris-glacee.com\/wp-content\/gallery\/photogrammes_labo\/thumbs\/thumbs_i0320.jpg\"\n\t\t\t\t\twidth=\"100\"\n\t\t\t\t\theight=\"75\"\n\t\t\t\t\tstyle=\"max-width:100%;\"\n\t\t\t\t\/>\n\t\t\t<\/a>\n\t\t<\/div>\n\t\t\t\t\t\t\t<\/div> \n\t\t\t\n\t\t\t\t<div id=\"ngg-image-3\" class=\"ngg-gallery-thumbnail-box \n\t\t\t\t\t\t\t\t\t\t\t\" \n\t\t\t>\n\t\t\t\t\t\t<div class=\"ngg-gallery-thumbnail\">\n\t\t\t<a href=\"https:\/\/www.souris-glacee.com\/wp-content\/gallery\/photogrammes_labo\/i109.jpg\"\n\t\t\t\ttitle=\"\\&quot;Labo 4\\&quot;. Photogramme de st\u00e9thoscope, filtr\u00e9. 18x24. Souris glac\u00e9e 2001-2002.\"\n\t\t\t\tdata-src=\"https:\/\/www.souris-glacee.com\/wp-content\/gallery\/photogrammes_labo\/i109.jpg\"\n\t\t\t\tdata-thumbnail=\"https:\/\/www.souris-glacee.com\/wp-content\/gallery\/photogrammes_labo\/thumbs\/thumbs_i109.jpg\"\n\t\t\t\tdata-image-id=\"183\"\n\t\t\t\tdata-title=\"i109\"\n\t\t\t\tdata-description=\"&quot;Labo 4&quot;. Photogramme de st\u00e9thoscope, filtr\u00e9. 18x24. Souris glac\u00e9e 2001-2002.\"\n\t\t\t\tdata-image-slug=\"i109\"\n\t\t\t\tclass='thickbox' rel='ec93babc319f8a97034a2b432033a97c'>\n\t\t\t\t<img\n\t\t\t\t\ttitle=\"i109\"\n\t\t\t\t\talt=\"i109\"\n\t\t\t\t\tsrc=\"https:\/\/www.souris-glacee.com\/wp-content\/gallery\/photogrammes_labo\/thumbs\/thumbs_i109.jpg\"\n\t\t\t\t\twidth=\"100\"\n\t\t\t\t\theight=\"75\"\n\t\t\t\t\tstyle=\"max-width:100%;\"\n\t\t\t\t\/>\n\t\t\t<\/a>\n\t\t<\/div>\n\t\t\t\t\t\t\t<\/div> \n\t\t\t\n\t\t\t\t<div id=\"ngg-image-4\" class=\"ngg-gallery-thumbnail-box \n\t\t\t\t\t\t\t\t\t\t\t\" \n\t\t\t>\n\t\t\t\t\t\t<div class=\"ngg-gallery-thumbnail\">\n\t\t\t<a href=\"https:\/\/www.souris-glacee.com\/wp-content\/gallery\/photogrammes_labo\/i135.jpg\"\n\t\t\t\ttitle=\"\\&quot;Labo 5\\&quot;. Photogramme de mol\u00e9cules en plastique, filtr\u00e9. 18x24. Souris glac\u00e9e 2001-2002.\"\n\t\t\t\tdata-src=\"https:\/\/www.souris-glacee.com\/wp-content\/gallery\/photogrammes_labo\/i135.jpg\"\n\t\t\t\tdata-thumbnail=\"https:\/\/www.souris-glacee.com\/wp-content\/gallery\/photogrammes_labo\/thumbs\/thumbs_i135.jpg\"\n\t\t\t\tdata-image-id=\"182\"\n\t\t\t\tdata-title=\"i135\"\n\t\t\t\tdata-description=\"&quot;Labo 5&quot;. Photogramme de mol\u00e9cules en plastique, filtr\u00e9. 18x24. Souris glac\u00e9e 2001-2002.\"\n\t\t\t\tdata-image-slug=\"i135\"\n\t\t\t\tclass='thickbox' rel='ec93babc319f8a97034a2b432033a97c'>\n\t\t\t\t<img\n\t\t\t\t\ttitle=\"i135\"\n\t\t\t\t\talt=\"i135\"\n\t\t\t\t\tsrc=\"https:\/\/www.souris-glacee.com\/wp-content\/gallery\/photogrammes_labo\/thumbs\/thumbs_i135.jpg\"\n\t\t\t\t\twidth=\"100\"\n\t\t\t\t\theight=\"75\"\n\t\t\t\t\tstyle=\"max-width:100%;\"\n\t\t\t\t\/>\n\t\t\t<\/a>\n\t\t<\/div>\n\t\t\t\t\t\t\t<\/div> \n\t\t\t\n\t\t\t\t<div id=\"ngg-image-5\" class=\"ngg-gallery-thumbnail-box \n\t\t\t\t\t\t\t\t\t\t\t\" \n\t\t\t>\n\t\t\t\t\t\t<div class=\"ngg-gallery-thumbnail\">\n\t\t\t<a href=\"https:\/\/www.souris-glacee.com\/wp-content\/gallery\/photogrammes_labo\/i150.jpg\"\n\t\t\t\ttitle=\"\\&quot;Labo 6\\&quot;. Photogramme de peignes pour gels d\\&#039;agarose, filtr\u00e9. 18x24. Souris glac\u00e9e 2001-2002.\"\n\t\t\t\tdata-src=\"https:\/\/www.souris-glacee.com\/wp-content\/gallery\/photogrammes_labo\/i150.jpg\"\n\t\t\t\tdata-thumbnail=\"https:\/\/www.souris-glacee.com\/wp-content\/gallery\/photogrammes_labo\/thumbs\/thumbs_i150.jpg\"\n\t\t\t\tdata-image-id=\"181\"\n\t\t\t\tdata-title=\"i150\"\n\t\t\t\tdata-description=\"&quot;Labo 6&quot;. Photogramme de peignes pour gels d&#039;agarose, filtr\u00e9. 18x24. Souris glac\u00e9e 2001-2002.\"\n\t\t\t\tdata-image-slug=\"i150\"\n\t\t\t\tclass='thickbox' rel='ec93babc319f8a97034a2b432033a97c'>\n\t\t\t\t<img\n\t\t\t\t\ttitle=\"i150\"\n\t\t\t\t\talt=\"i150\"\n\t\t\t\t\tsrc=\"https:\/\/www.souris-glacee.com\/wp-content\/gallery\/photogrammes_labo\/thumbs\/thumbs_i150.jpg\"\n\t\t\t\t\twidth=\"100\"\n\t\t\t\t\theight=\"75\"\n\t\t\t\t\tstyle=\"max-width:100%;\"\n\t\t\t\t\/>\n\t\t\t<\/a>\n\t\t<\/div>\n\t\t\t\t\t\t\t<\/div> \n\t\t\t\n\t\n\t<br style=\"clear: both\" \/>\n\n\t\n\t\t<!-- Pagination -->\n\t\t<div class='ngg-clear'><\/div>\t<\/div>\n\n<div style=\"height: 6em; visibility: hidden;\">space<\/div>\n","protected":false},"excerpt":{"rendered":"<p>Les photogrammes r\u00e9alis\u00e9s dans cette section ont \u00e9t\u00e9 faits avec des objets trouv\u00e9s dans des laboratoires de recherche biologique (verrerie, filtre, peignes) ou participant \u00e0 la recherche \u00e0 travers son activit\u00e9 m\u00e9dicale (st\u00e9thoscope, seringues) ou d&#8217;enseignement (mol\u00e9cules en plastique). space space<\/p>\n","protected":false},"author":1,"featured_media":0,"parent":27,"menu_order":5,"comment_status":"closed","ping_status":"closed","template":"","meta":{"ngg_post_thumbnail":0,"footnotes":""},"_links":{"self":[{"href":"https:\/\/www.souris-glacee.com\/index.php?rest_route=\/wp\/v2\/pages\/80"}],"collection":[{"href":"https:\/\/www.souris-glacee.com\/index.php?rest_route=\/wp\/v2\/pages"}],"about":[{"href":"https:\/\/www.souris-glacee.com\/index.php?rest_route=\/wp\/v2\/types\/page"}],"author":[{"embeddable":true,"href":"https:\/\/www.souris-glacee.com\/index.php?rest_route=\/wp\/v2\/users\/1"}],"replies":[{"embeddable":true,"href":"https:\/\/www.souris-glacee.com\/index.php?rest_route=%2Fwp%2Fv2%2Fcomments&post=80"}],"version-history":[{"count":13,"href":"https:\/\/www.souris-glacee.com\/index.php?rest_route=\/wp\/v2\/pages\/80\/revisions"}],"predecessor-version":[{"id":693,"href":"https:\/\/www.souris-glacee.com\/index.php?rest_route=\/wp\/v2\/pages\/80\/revisions\/693"}],"up":[{"embeddable":true,"href":"https:\/\/www.souris-glacee.com\/index.php?rest_route=\/wp\/v2\/pages\/27"}],"wp:attachment":[{"href":"https:\/\/www.souris-glacee.com\/index.php?rest_route=%2Fwp%2Fv2%2Fmedia&parent=80"}],"curies":[{"name":"wp","href":"https:\/\/api.w.org\/{rel}","templated":true}]}}