{"id":78,"date":"2011-02-13T19:36:30","date_gmt":"2011-02-13T19:36:30","guid":{"rendered":"http:\/\/manuelaluchtmeijer.com\/sourisglacee\/wordpress\/?page_id=78"},"modified":"2011-12-03T23:55:07","modified_gmt":"2011-12-03T23:55:07","slug":"mon-annee-66","status":"publish","type":"page","link":"https:\/\/www.souris-glacee.com\/?page_id=78","title":{"rendered":"mon ann\u00e9e 66"},"content":{"rendered":"<blockquote><p>Les photogrammes r\u00e9alis\u00e9s dans cette section ont \u00e9t\u00e9 faits en pla\u00e7ant un papier photosensible sous des pages d&#8217;un num\u00e9ro de la revue &#8220;La Maison Fran\u00e7aise&#8221; datant de 1966 (ann\u00e9e de ma naissance). L&#8217;image obtenue r\u00e9sulte de la superposition des deux faces de la page.<\/p><\/blockquote>\n<div style=\"height: 1em; visibility: hidden;\">space<\/div>\n<!-- default-view.php -->\n<div\n\tclass=\"ngg-galleryoverview default-view \n\t\t\"\n\tid=\"ngg-gallery-4b931164f6bfe03c00fc766c1e662ec1-1\">\n\n\t\t<!-- Thumbnails -->\n\t\t\t\t<div id=\"ngg-image-0\" class=\"ngg-gallery-thumbnail-box \n\t\t\t\t\t\t\t\t\t\t\t\" \n\t\t\t>\n\t\t\t\t\t\t<div class=\"ngg-gallery-thumbnail\">\n\t\t\t<a href=\"https:\/\/www.souris-glacee.com\/wp-content\/gallery\/photogrammes_1966\/i0252.jpg\"\n\t\t\t\ttitle=\"\\&quot;Madame le d\u00e9sirait\\&quot;. Photogramme d\\&#039;une page de la revue \\&quot;Maison Fran\u00e7aise\\&quot; de 1966. 18x24cm. Souris glac\u00e9e 1998.\"\n\t\t\t\tdata-src=\"https:\/\/www.souris-glacee.com\/wp-content\/gallery\/photogrammes_1966\/i0252.jpg\"\n\t\t\t\tdata-thumbnail=\"https:\/\/www.souris-glacee.com\/wp-content\/gallery\/photogrammes_1966\/thumbs\/thumbs_i0252.jpg\"\n\t\t\t\tdata-image-id=\"169\"\n\t\t\t\tdata-title=\"i0252\"\n\t\t\t\tdata-description=\"&quot;Madame le d\u00e9sirait&quot;. Photogramme d&#039;une page de la revue &quot;Maison Fran\u00e7aise&quot; de 1966. 18x24cm. Souris glac\u00e9e 1998.\"\n\t\t\t\tdata-image-slug=\"i0252\"\n\t\t\t\tclass='thickbox' rel='4b931164f6bfe03c00fc766c1e662ec1'>\n\t\t\t\t<img\n\t\t\t\t\ttitle=\"i0252\"\n\t\t\t\t\talt=\"i0252\"\n\t\t\t\t\tsrc=\"https:\/\/www.souris-glacee.com\/wp-content\/gallery\/photogrammes_1966\/thumbs\/thumbs_i0252.jpg\"\n\t\t\t\t\twidth=\"100\"\n\t\t\t\t\theight=\"75\"\n\t\t\t\t\tstyle=\"max-width:100%;\"\n\t\t\t\t\/>\n\t\t\t<\/a>\n\t\t<\/div>\n\t\t\t\t\t\t\t<\/div> \n\t\t\t\n\t\t\t\t<div id=\"ngg-image-1\" class=\"ngg-gallery-thumbnail-box \n\t\t\t\t\t\t\t\t\t\t\t\" \n\t\t\t>\n\t\t\t\t\t\t<div class=\"ngg-gallery-thumbnail\">\n\t\t\t<a href=\"https:\/\/www.souris-glacee.com\/wp-content\/gallery\/photogrammes_1966\/i0251.jpg\"\n\t\t\t\ttitle=\"\\&quot;Ambiance scandinave\\&quot;. Photogramme d\\&#039;une page de la revue \\&quot;Maison Fran\u00e7aise\\&quot; de 1966. 18x24cm. Souris glac\u00e9e 1998.\"\n\t\t\t\tdata-src=\"https:\/\/www.souris-glacee.com\/wp-content\/gallery\/photogrammes_1966\/i0251.jpg\"\n\t\t\t\tdata-thumbnail=\"https:\/\/www.souris-glacee.com\/wp-content\/gallery\/photogrammes_1966\/thumbs\/thumbs_i0251.jpg\"\n\t\t\t\tdata-image-id=\"170\"\n\t\t\t\tdata-title=\"i0251\"\n\t\t\t\tdata-description=\"&quot;Ambiance scandinave&quot;. Photogramme d&#039;une page de la revue &quot;Maison Fran\u00e7aise&quot; de 1966. 18x24cm. Souris glac\u00e9e 1998.\"\n\t\t\t\tdata-image-slug=\"i0251\"\n\t\t\t\tclass='thickbox' rel='4b931164f6bfe03c00fc766c1e662ec1'>\n\t\t\t\t<img\n\t\t\t\t\ttitle=\"i0251\"\n\t\t\t\t\talt=\"i0251\"\n\t\t\t\t\tsrc=\"https:\/\/www.souris-glacee.com\/wp-content\/gallery\/photogrammes_1966\/thumbs\/thumbs_i0251.jpg\"\n\t\t\t\t\twidth=\"100\"\n\t\t\t\t\theight=\"75\"\n\t\t\t\t\tstyle=\"max-width:100%;\"\n\t\t\t\t\/>\n\t\t\t<\/a>\n\t\t<\/div>\n\t\t\t\t\t\t\t<\/div> \n\t\t\t\n\t\t\t\t<div id=\"ngg-image-2\" class=\"ngg-gallery-thumbnail-box \n\t\t\t\t\t\t\t\t\t\t\t\" \n\t\t\t>\n\t\t\t\t\t\t<div class=\"ngg-gallery-thumbnail\">\n\t\t\t<a href=\"https:\/\/www.souris-glacee.com\/wp-content\/gallery\/photogrammes_1966\/b098.jpg\"\n\t\t\t\ttitle=\"\\&quot;Lampes\\&quot;. Photogramme d\\&#039;une page de la revue \\&quot;Maison Fran\u00e7aise\\&quot; de 1966. 18x24cm. Souris glac\u00e9e 1998.\"\n\t\t\t\tdata-src=\"https:\/\/www.souris-glacee.com\/wp-content\/gallery\/photogrammes_1966\/b098.jpg\"\n\t\t\t\tdata-thumbnail=\"https:\/\/www.souris-glacee.com\/wp-content\/gallery\/photogrammes_1966\/thumbs\/thumbs_b098.jpg\"\n\t\t\t\tdata-image-id=\"175\"\n\t\t\t\tdata-title=\"b098\"\n\t\t\t\tdata-description=\"&quot;Lampes&quot;. Photogramme d&#039;une page de la revue &quot;Maison Fran\u00e7aise&quot; de 1966. 18x24cm. Souris glac\u00e9e 1998.\"\n\t\t\t\tdata-image-slug=\"b098\"\n\t\t\t\tclass='thickbox' rel='4b931164f6bfe03c00fc766c1e662ec1'>\n\t\t\t\t<img\n\t\t\t\t\ttitle=\"b098\"\n\t\t\t\t\talt=\"b098\"\n\t\t\t\t\tsrc=\"https:\/\/www.souris-glacee.com\/wp-content\/gallery\/photogrammes_1966\/thumbs\/thumbs_b098.jpg\"\n\t\t\t\t\twidth=\"100\"\n\t\t\t\t\theight=\"75\"\n\t\t\t\t\tstyle=\"max-width:100%;\"\n\t\t\t\t\/>\n\t\t\t<\/a>\n\t\t<\/div>\n\t\t\t\t\t\t\t<\/div> \n\t\t\t\n\t\t\t\t<div id=\"ngg-image-3\" class=\"ngg-gallery-thumbnail-box \n\t\t\t\t\t\t\t\t\t\t\t\" \n\t\t\t>\n\t\t\t\t\t\t<div class=\"ngg-gallery-thumbnail\">\n\t\t\t<a href=\"https:\/\/www.souris-glacee.com\/wp-content\/gallery\/photogrammes_1966\/b099.jpg\"\n\t\t\t\ttitle=\"\\&quot;Accord parfait\\&quot;. Photogramme d\\&#039;une page de la revue \\&quot;Maison Fran\u00e7aise\\&quot; de 1966. 18x24cm. Souris glac\u00e9e 1998.\"\n\t\t\t\tdata-src=\"https:\/\/www.souris-glacee.com\/wp-content\/gallery\/photogrammes_1966\/b099.jpg\"\n\t\t\t\tdata-thumbnail=\"https:\/\/www.souris-glacee.com\/wp-content\/gallery\/photogrammes_1966\/thumbs\/thumbs_b099.jpg\"\n\t\t\t\tdata-image-id=\"174\"\n\t\t\t\tdata-title=\"b099\"\n\t\t\t\tdata-description=\"&quot;Accord parfait&quot;. Photogramme d&#039;une page de la revue &quot;Maison Fran\u00e7aise&quot; de 1966. 18x24cm. Souris glac\u00e9e 1998.\"\n\t\t\t\tdata-image-slug=\"b099\"\n\t\t\t\tclass='thickbox' rel='4b931164f6bfe03c00fc766c1e662ec1'>\n\t\t\t\t<img\n\t\t\t\t\ttitle=\"b099\"\n\t\t\t\t\talt=\"b099\"\n\t\t\t\t\tsrc=\"https:\/\/www.souris-glacee.com\/wp-content\/gallery\/photogrammes_1966\/thumbs\/thumbs_b099.jpg\"\n\t\t\t\t\twidth=\"100\"\n\t\t\t\t\theight=\"75\"\n\t\t\t\t\tstyle=\"max-width:100%;\"\n\t\t\t\t\/>\n\t\t\t<\/a>\n\t\t<\/div>\n\t\t\t\t\t\t\t<\/div> \n\t\t\t\n\t\t\t\t<div id=\"ngg-image-4\" class=\"ngg-gallery-thumbnail-box \n\t\t\t\t\t\t\t\t\t\t\t\" \n\t\t\t>\n\t\t\t\t\t\t<div class=\"ngg-gallery-thumbnail\">\n\t\t\t<a href=\"https:\/\/www.souris-glacee.com\/wp-content\/gallery\/photogrammes_1966\/i0250.jpg\"\n\t\t\t\ttitle=\"\\&quot;Babila\\&quot;. Photogramme d\\&#039;une page de la revue \\&quot;Maison Fran\u00e7aise\\&quot; de 1966. 18x24cm. Souris glac\u00e9e 1998.\"\n\t\t\t\tdata-src=\"https:\/\/www.souris-glacee.com\/wp-content\/gallery\/photogrammes_1966\/i0250.jpg\"\n\t\t\t\tdata-thumbnail=\"https:\/\/www.souris-glacee.com\/wp-content\/gallery\/photogrammes_1966\/thumbs\/thumbs_i0250.jpg\"\n\t\t\t\tdata-image-id=\"171\"\n\t\t\t\tdata-title=\"i0250\"\n\t\t\t\tdata-description=\"&quot;Babila&quot;. Photogramme d&#039;une page de la revue &quot;Maison Fran\u00e7aise&quot; de 1966. 18x24cm. Souris glac\u00e9e 1998.\"\n\t\t\t\tdata-image-slug=\"i0250\"\n\t\t\t\tclass='thickbox' rel='4b931164f6bfe03c00fc766c1e662ec1'>\n\t\t\t\t<img\n\t\t\t\t\ttitle=\"i0250\"\n\t\t\t\t\talt=\"i0250\"\n\t\t\t\t\tsrc=\"https:\/\/www.souris-glacee.com\/wp-content\/gallery\/photogrammes_1966\/thumbs\/thumbs_i0250.jpg\"\n\t\t\t\t\twidth=\"100\"\n\t\t\t\t\theight=\"75\"\n\t\t\t\t\tstyle=\"max-width:100%;\"\n\t\t\t\t\/>\n\t\t\t<\/a>\n\t\t<\/div>\n\t\t\t\t\t\t\t<\/div> \n\t\t\t\n\t\t\t\t<div id=\"ngg-image-5\" class=\"ngg-gallery-thumbnail-box \n\t\t\t\t\t\t\t\t\t\t\t\" \n\t\t\t>\n\t\t\t\t\t\t<div class=\"ngg-gallery-thumbnail\">\n\t\t\t<a href=\"https:\/\/www.souris-glacee.com\/wp-content\/gallery\/photogrammes_1966\/i0249.jpg\"\n\t\t\t\ttitle=\"\\&quot;UA UV\\&quot;. Photogramme d\\&#039;une page de la revue \\&quot;Maison Fran\u00e7aise\\&quot; de 1966. 18x24cm. Souris glac\u00e9e 1998.\"\n\t\t\t\tdata-src=\"https:\/\/www.souris-glacee.com\/wp-content\/gallery\/photogrammes_1966\/i0249.jpg\"\n\t\t\t\tdata-thumbnail=\"https:\/\/www.souris-glacee.com\/wp-content\/gallery\/photogrammes_1966\/thumbs\/thumbs_i0249.jpg\"\n\t\t\t\tdata-image-id=\"172\"\n\t\t\t\tdata-title=\"i0249\"\n\t\t\t\tdata-description=\"&quot;UA UV&quot;. Photogramme d&#039;une page de la revue &quot;Maison Fran\u00e7aise&quot; de 1966. 18x24cm. Souris glac\u00e9e 1998.\"\n\t\t\t\tdata-image-slug=\"i0249\"\n\t\t\t\tclass='thickbox' rel='4b931164f6bfe03c00fc766c1e662ec1'>\n\t\t\t\t<img\n\t\t\t\t\ttitle=\"i0249\"\n\t\t\t\t\talt=\"i0249\"\n\t\t\t\t\tsrc=\"https:\/\/www.souris-glacee.com\/wp-content\/gallery\/photogrammes_1966\/thumbs\/thumbs_i0249.jpg\"\n\t\t\t\t\twidth=\"100\"\n\t\t\t\t\theight=\"75\"\n\t\t\t\t\tstyle=\"max-width:100%;\"\n\t\t\t\t\/>\n\t\t\t<\/a>\n\t\t<\/div>\n\t\t\t\t\t\t\t<\/div> \n\t\t\t\n\t\t\t\t<div id=\"ngg-image-6\" class=\"ngg-gallery-thumbnail-box \n\t\t\t\t\t\t\t\t\t\t\t\" \n\t\t\t>\n\t\t\t\t\t\t<div class=\"ngg-gallery-thumbnail\">\n\t\t\t<a href=\"https:\/\/www.souris-glacee.com\/wp-content\/gallery\/photogrammes_1966\/i129_bis.jpg\"\n\t\t\t\ttitle=\"\\&quot;Vous r\u00eavez\\&quot;. Photogramme d\\&#039;une page de la revue \\&quot;Maison Fran\u00e7aise\\&quot; de 1966. 18x24cm. Souris glac\u00e9e 1998.\"\n\t\t\t\tdata-src=\"https:\/\/www.souris-glacee.com\/wp-content\/gallery\/photogrammes_1966\/i129_bis.jpg\"\n\t\t\t\tdata-thumbnail=\"https:\/\/www.souris-glacee.com\/wp-content\/gallery\/photogrammes_1966\/thumbs\/thumbs_i129_bis.jpg\"\n\t\t\t\tdata-image-id=\"177\"\n\t\t\t\tdata-title=\"i129_bis\"\n\t\t\t\tdata-description=\"&quot;Vous r\u00eavez&quot;. Photogramme d&#039;une page de la revue &quot;Maison Fran\u00e7aise&quot; de 1966. 18x24cm. Souris glac\u00e9e 1998.\"\n\t\t\t\tdata-image-slug=\"i129_bis\"\n\t\t\t\tclass='thickbox' rel='4b931164f6bfe03c00fc766c1e662ec1'>\n\t\t\t\t<img\n\t\t\t\t\ttitle=\"i129_bis\"\n\t\t\t\t\talt=\"i129_bis\"\n\t\t\t\t\tsrc=\"https:\/\/www.souris-glacee.com\/wp-content\/gallery\/photogrammes_1966\/thumbs\/thumbs_i129_bis.jpg\"\n\t\t\t\t\twidth=\"100\"\n\t\t\t\t\theight=\"75\"\n\t\t\t\t\tstyle=\"max-width:100%;\"\n\t\t\t\t\/>\n\t\t\t<\/a>\n\t\t<\/div>\n\t\t\t\t\t\t\t<\/div> \n\t\t\t\n\t\n\t<br style=\"clear: both\" \/>\n\n\t\n\t\t<!-- Pagination -->\n\t\t<div class='ngg-clear'><\/div>\t<\/div>\n\n<div style=\"height: 5.8em; visibility: hidden;\">space<\/div>\n","protected":false},"excerpt":{"rendered":"<p>Les photogrammes r\u00e9alis\u00e9s dans cette section ont \u00e9t\u00e9 faits en pla\u00e7ant un papier photosensible sous des pages d&#8217;un num\u00e9ro de la revue &#8220;La Maison Fran\u00e7aise&#8221; datant de 1966 (ann\u00e9e de ma naissance). L&#8217;image obtenue r\u00e9sulte de la superposition des deux faces de la page. space space<\/p>\n","protected":false},"author":1,"featured_media":0,"parent":27,"menu_order":3,"comment_status":"closed","ping_status":"closed","template":"","meta":{"ngg_post_thumbnail":0,"footnotes":""},"_links":{"self":[{"href":"https:\/\/www.souris-glacee.com\/index.php?rest_route=\/wp\/v2\/pages\/78"}],"collection":[{"href":"https:\/\/www.souris-glacee.com\/index.php?rest_route=\/wp\/v2\/pages"}],"about":[{"href":"https:\/\/www.souris-glacee.com\/index.php?rest_route=\/wp\/v2\/types\/page"}],"author":[{"embeddable":true,"href":"https:\/\/www.souris-glacee.com\/index.php?rest_route=\/wp\/v2\/users\/1"}],"replies":[{"embeddable":true,"href":"https:\/\/www.souris-glacee.com\/index.php?rest_route=%2Fwp%2Fv2%2Fcomments&post=78"}],"version-history":[{"count":20,"href":"https:\/\/www.souris-glacee.com\/index.php?rest_route=\/wp\/v2\/pages\/78\/revisions"}],"predecessor-version":[{"id":690,"href":"https:\/\/www.souris-glacee.com\/index.php?rest_route=\/wp\/v2\/pages\/78\/revisions\/690"}],"up":[{"embeddable":true,"href":"https:\/\/www.souris-glacee.com\/index.php?rest_route=\/wp\/v2\/pages\/27"}],"wp:attachment":[{"href":"https:\/\/www.souris-glacee.com\/index.php?rest_route=%2Fwp%2Fv2%2Fmedia&parent=78"}],"curies":[{"name":"wp","href":"https:\/\/api.w.org\/{rel}","templated":true}]}}