{"id":76,"date":"2011-02-13T19:35:56","date_gmt":"2011-02-13T19:35:56","guid":{"rendered":"http:\/\/manuelaluchtmeijer.com\/sourisglacee\/wordpress\/?page_id=76"},"modified":"2011-12-03T23:56:09","modified_gmt":"2011-12-03T23:56:09","slug":"profils","status":"publish","type":"page","link":"https:\/\/www.souris-glacee.com\/?page_id=76","title":{"rendered":"profils"},"content":{"rendered":"<blockquote><p>Ces photogrammes sont le r\u00e9sultat de la superposition de deux photogrammes de profils (merci aux personnes ayant accept\u00e9 de poser leur t\u00eate sur le papier photo !). Si vous voulez voir votre couple comme vous ne l&#8217;avez jamais vu (de profil), contactez-moi, le tarif     est \u00e0 la t\u00eate du client (fichier num\u00e9rique ou photogramme encadr\u00e9).<\/p><\/blockquote>\n<div style=\"height: 1em; visibility: hidden;\">space<\/div>\n<!-- default-view.php -->\n<div\n\tclass=\"ngg-galleryoverview default-view \n\t\t\"\n\tid=\"ngg-gallery-1c3939db1a8c43f7d2b418a78f79ef34-1\">\n\n\t\t<!-- Thumbnails -->\n\t\t\t\t<div id=\"ngg-image-0\" class=\"ngg-gallery-thumbnail-box \n\t\t\t\t\t\t\t\t\t\t\t\" \n\t\t\t>\n\t\t\t\t\t\t<div class=\"ngg-gallery-thumbnail\">\n\t\t\t<a href=\"https:\/\/www.souris-glacee.com\/wp-content\/gallery\/photogrammes_profiles\/genev-et-philb.jpg\"\n\t\t\t\ttitle=\"\\&quot;Genevi\u00e8ve et Philbert\\&quot;. Composition de photogrammes de profils. 24x24cm. Souris glac\u00e9e 2000.\"\n\t\t\t\tdata-src=\"https:\/\/www.souris-glacee.com\/wp-content\/gallery\/photogrammes_profiles\/genev-et-philb.jpg\"\n\t\t\t\tdata-thumbnail=\"https:\/\/www.souris-glacee.com\/wp-content\/gallery\/photogrammes_profiles\/thumbs\/thumbs_genev-et-philb.jpg\"\n\t\t\t\tdata-image-id=\"160\"\n\t\t\t\tdata-title=\"genev-et-philb\"\n\t\t\t\tdata-description=\"&quot;Genevi\u00e8ve et Philbert&quot;. Composition de photogrammes de profils. 24x24cm. Souris glac\u00e9e 2000.\"\n\t\t\t\tdata-image-slug=\"genev-et-philb\"\n\t\t\t\tclass='thickbox' rel='1c3939db1a8c43f7d2b418a78f79ef34'>\n\t\t\t\t<img\n\t\t\t\t\ttitle=\"genev-et-philb\"\n\t\t\t\t\talt=\"genev-et-philb\"\n\t\t\t\t\tsrc=\"https:\/\/www.souris-glacee.com\/wp-content\/gallery\/photogrammes_profiles\/thumbs\/thumbs_genev-et-philb.jpg\"\n\t\t\t\t\twidth=\"100\"\n\t\t\t\t\theight=\"75\"\n\t\t\t\t\tstyle=\"max-width:100%;\"\n\t\t\t\t\/>\n\t\t\t<\/a>\n\t\t<\/div>\n\t\t\t\t\t\t\t<\/div> \n\t\t\t\n\t\t\t\t<div id=\"ngg-image-1\" class=\"ngg-gallery-thumbnail-box \n\t\t\t\t\t\t\t\t\t\t\t\" \n\t\t\t>\n\t\t\t\t\t\t<div class=\"ngg-gallery-thumbnail\">\n\t\t\t<a href=\"https:\/\/www.souris-glacee.com\/wp-content\/gallery\/photogrammes_profiles\/nathalie-et-david.jpg\"\n\t\t\t\ttitle=\"\\&quot;Nathalie et David\\&quot;. Composition de photogrammes de profils. 24x24cm. Souris glac\u00e9e 2000.\"\n\t\t\t\tdata-src=\"https:\/\/www.souris-glacee.com\/wp-content\/gallery\/photogrammes_profiles\/nathalie-et-david.jpg\"\n\t\t\t\tdata-thumbnail=\"https:\/\/www.souris-glacee.com\/wp-content\/gallery\/photogrammes_profiles\/thumbs\/thumbs_nathalie-et-david.jpg\"\n\t\t\t\tdata-image-id=\"167\"\n\t\t\t\tdata-title=\"nathalie-et-david\"\n\t\t\t\tdata-description=\"&quot;Nathalie et David&quot;. Composition de photogrammes de profils. 24x24cm. Souris glac\u00e9e 2000.\"\n\t\t\t\tdata-image-slug=\"nathalie-et-david\"\n\t\t\t\tclass='thickbox' rel='1c3939db1a8c43f7d2b418a78f79ef34'>\n\t\t\t\t<img\n\t\t\t\t\ttitle=\"nathalie-et-david\"\n\t\t\t\t\talt=\"nathalie-et-david\"\n\t\t\t\t\tsrc=\"https:\/\/www.souris-glacee.com\/wp-content\/gallery\/photogrammes_profiles\/thumbs\/thumbs_nathalie-et-david.jpg\"\n\t\t\t\t\twidth=\"100\"\n\t\t\t\t\theight=\"75\"\n\t\t\t\t\tstyle=\"max-width:100%;\"\n\t\t\t\t\/>\n\t\t\t<\/a>\n\t\t<\/div>\n\t\t\t\t\t\t\t<\/div> \n\t\t\t\n\t\t\t\t<div id=\"ngg-image-2\" class=\"ngg-gallery-thumbnail-box \n\t\t\t\t\t\t\t\t\t\t\t\" \n\t\t\t>\n\t\t\t\t\t\t<div class=\"ngg-gallery-thumbnail\">\n\t\t\t<a href=\"https:\/\/www.souris-glacee.com\/wp-content\/gallery\/photogrammes_profiles\/est-et-pasc.jpg\"\n\t\t\t\ttitle=\"\\&quot;Estelle et Pascal\\&quot;. Composition de photogrammes de profils. 24x24cm. Souris glac\u00e9e 2000.\"\n\t\t\t\tdata-src=\"https:\/\/www.souris-glacee.com\/wp-content\/gallery\/photogrammes_profiles\/est-et-pasc.jpg\"\n\t\t\t\tdata-thumbnail=\"https:\/\/www.souris-glacee.com\/wp-content\/gallery\/photogrammes_profiles\/thumbs\/thumbs_est-et-pasc.jpg\"\n\t\t\t\tdata-image-id=\"161\"\n\t\t\t\tdata-title=\"est-et-pasc\"\n\t\t\t\tdata-description=\"&quot;Estelle et Pascal&quot;. Composition de photogrammes de profils. 24x24cm. Souris glac\u00e9e 2000.\"\n\t\t\t\tdata-image-slug=\"est-et-pasc\"\n\t\t\t\tclass='thickbox' rel='1c3939db1a8c43f7d2b418a78f79ef34'>\n\t\t\t\t<img\n\t\t\t\t\ttitle=\"est-et-pasc\"\n\t\t\t\t\talt=\"est-et-pasc\"\n\t\t\t\t\tsrc=\"https:\/\/www.souris-glacee.com\/wp-content\/gallery\/photogrammes_profiles\/thumbs\/thumbs_est-et-pasc.jpg\"\n\t\t\t\t\twidth=\"100\"\n\t\t\t\t\theight=\"75\"\n\t\t\t\t\tstyle=\"max-width:100%;\"\n\t\t\t\t\/>\n\t\t\t<\/a>\n\t\t<\/div>\n\t\t\t\t\t\t\t<\/div> \n\t\t\t\n\t\t\t\t<div id=\"ngg-image-3\" class=\"ngg-gallery-thumbnail-box \n\t\t\t\t\t\t\t\t\t\t\t\" \n\t\t\t>\n\t\t\t\t\t\t<div class=\"ngg-gallery-thumbnail\">\n\t\t\t<a href=\"https:\/\/www.souris-glacee.com\/wp-content\/gallery\/photogrammes_profiles\/charl-et-marcant.jpg\"\n\t\t\t\ttitle=\"\\&quot;Charlotte et Marc-Antoine\\&quot;. Composition de photogrammes de profils. 24x24cm. Souris glac\u00e9e 2000.\"\n\t\t\t\tdata-src=\"https:\/\/www.souris-glacee.com\/wp-content\/gallery\/photogrammes_profiles\/charl-et-marcant.jpg\"\n\t\t\t\tdata-thumbnail=\"https:\/\/www.souris-glacee.com\/wp-content\/gallery\/photogrammes_profiles\/thumbs\/thumbs_charl-et-marcant.jpg\"\n\t\t\t\tdata-image-id=\"162\"\n\t\t\t\tdata-title=\"charl-et-marcant\"\n\t\t\t\tdata-description=\"&quot;Charlotte et Marc-Antoine&quot;. Composition de photogrammes de profils. 24x24cm. Souris glac\u00e9e 2000.\"\n\t\t\t\tdata-image-slug=\"charl-et-marcant\"\n\t\t\t\tclass='thickbox' rel='1c3939db1a8c43f7d2b418a78f79ef34'>\n\t\t\t\t<img\n\t\t\t\t\ttitle=\"charl-et-marcant\"\n\t\t\t\t\talt=\"charl-et-marcant\"\n\t\t\t\t\tsrc=\"https:\/\/www.souris-glacee.com\/wp-content\/gallery\/photogrammes_profiles\/thumbs\/thumbs_charl-et-marcant.jpg\"\n\t\t\t\t\twidth=\"100\"\n\t\t\t\t\theight=\"75\"\n\t\t\t\t\tstyle=\"max-width:100%;\"\n\t\t\t\t\/>\n\t\t\t<\/a>\n\t\t<\/div>\n\t\t\t\t\t\t\t<\/div> \n\t\t\t\n\t\t\t\t<div id=\"ngg-image-4\" class=\"ngg-gallery-thumbnail-box \n\t\t\t\t\t\t\t\t\t\t\t\" \n\t\t\t>\n\t\t\t\t\t\t<div class=\"ngg-gallery-thumbnail\">\n\t\t\t<a href=\"https:\/\/www.souris-glacee.com\/wp-content\/gallery\/photogrammes_profiles\/julie-et-fran.jpg\"\n\t\t\t\ttitle=\"\\&quot;Julie et Fran\u00e7ois\\&quot;. Composition de photogrammes de profils. 24x24cm. Souris glac\u00e9e 2000.\"\n\t\t\t\tdata-src=\"https:\/\/www.souris-glacee.com\/wp-content\/gallery\/photogrammes_profiles\/julie-et-fran.jpg\"\n\t\t\t\tdata-thumbnail=\"https:\/\/www.souris-glacee.com\/wp-content\/gallery\/photogrammes_profiles\/thumbs\/thumbs_julie-et-fran.jpg\"\n\t\t\t\tdata-image-id=\"163\"\n\t\t\t\tdata-title=\"julie-et-fran\"\n\t\t\t\tdata-description=\"&quot;Julie et Fran\u00e7ois&quot;. Composition de photogrammes de profils. 24x24cm. Souris glac\u00e9e 2000.\"\n\t\t\t\tdata-image-slug=\"julie-et-fran\"\n\t\t\t\tclass='thickbox' rel='1c3939db1a8c43f7d2b418a78f79ef34'>\n\t\t\t\t<img\n\t\t\t\t\ttitle=\"julie-et-fran\"\n\t\t\t\t\talt=\"julie-et-fran\"\n\t\t\t\t\tsrc=\"https:\/\/www.souris-glacee.com\/wp-content\/gallery\/photogrammes_profiles\/thumbs\/thumbs_julie-et-fran.jpg\"\n\t\t\t\t\twidth=\"100\"\n\t\t\t\t\theight=\"75\"\n\t\t\t\t\tstyle=\"max-width:100%;\"\n\t\t\t\t\/>\n\t\t\t<\/a>\n\t\t<\/div>\n\t\t\t\t\t\t\t<\/div> \n\t\t\t\n\t\t\t\t<div id=\"ngg-image-5\" class=\"ngg-gallery-thumbnail-box \n\t\t\t\t\t\t\t\t\t\t\t\" \n\t\t\t>\n\t\t\t\t\t\t<div class=\"ngg-gallery-thumbnail\">\n\t\t\t<a href=\"https:\/\/www.souris-glacee.com\/wp-content\/gallery\/photogrammes_profiles\/huiyin-et-zhizhong.jpg\"\n\t\t\t\ttitle=\"\\&quot;Huiyin et Zhizhong\\&quot;. Composition de photogrammes de profils. 24x24cm. Souris glac\u00e9e 2000.\"\n\t\t\t\tdata-src=\"https:\/\/www.souris-glacee.com\/wp-content\/gallery\/photogrammes_profiles\/huiyin-et-zhizhong.jpg\"\n\t\t\t\tdata-thumbnail=\"https:\/\/www.souris-glacee.com\/wp-content\/gallery\/photogrammes_profiles\/thumbs\/thumbs_huiyin-et-zhizhong.jpg\"\n\t\t\t\tdata-image-id=\"164\"\n\t\t\t\tdata-title=\"huiyin-et-zhizhong\"\n\t\t\t\tdata-description=\"&quot;Huiyin et Zhizhong&quot;. Composition de photogrammes de profils. 24x24cm. Souris glac\u00e9e 2000.\"\n\t\t\t\tdata-image-slug=\"huiyin-et-zhizhong\"\n\t\t\t\tclass='thickbox' rel='1c3939db1a8c43f7d2b418a78f79ef34'>\n\t\t\t\t<img\n\t\t\t\t\ttitle=\"huiyin-et-zhizhong\"\n\t\t\t\t\talt=\"huiyin-et-zhizhong\"\n\t\t\t\t\tsrc=\"https:\/\/www.souris-glacee.com\/wp-content\/gallery\/photogrammes_profiles\/thumbs\/thumbs_huiyin-et-zhizhong.jpg\"\n\t\t\t\t\twidth=\"100\"\n\t\t\t\t\theight=\"75\"\n\t\t\t\t\tstyle=\"max-width:100%;\"\n\t\t\t\t\/>\n\t\t\t<\/a>\n\t\t<\/div>\n\t\t\t\t\t\t\t<\/div> \n\t\t\t\n\t\t\t\t<div id=\"ngg-image-6\" class=\"ngg-gallery-thumbnail-box \n\t\t\t\t\t\t\t\t\t\t\t\" \n\t\t\t>\n\t\t\t\t\t\t<div class=\"ngg-gallery-thumbnail\">\n\t\t\t<a href=\"https:\/\/www.souris-glacee.com\/wp-content\/gallery\/photogrammes_profiles\/valerie-et-stephane.jpg\"\n\t\t\t\ttitle=\"\\&quot;Val\u00e9rie et St\u00e9phane\\&quot;. Composition de photogrammes de profils. 24x24cm. Souris glac\u00e9e 2000.\"\n\t\t\t\tdata-src=\"https:\/\/www.souris-glacee.com\/wp-content\/gallery\/photogrammes_profiles\/valerie-et-stephane.jpg\"\n\t\t\t\tdata-thumbnail=\"https:\/\/www.souris-glacee.com\/wp-content\/gallery\/photogrammes_profiles\/thumbs\/thumbs_valerie-et-stephane.jpg\"\n\t\t\t\tdata-image-id=\"165\"\n\t\t\t\tdata-title=\"valerie-et-stephane\"\n\t\t\t\tdata-description=\"&quot;Val\u00e9rie et St\u00e9phane&quot;. Composition de photogrammes de profils. 24x24cm. Souris glac\u00e9e 2000.\"\n\t\t\t\tdata-image-slug=\"valerie-et-stephane\"\n\t\t\t\tclass='thickbox' rel='1c3939db1a8c43f7d2b418a78f79ef34'>\n\t\t\t\t<img\n\t\t\t\t\ttitle=\"valerie-et-stephane\"\n\t\t\t\t\talt=\"valerie-et-stephane\"\n\t\t\t\t\tsrc=\"https:\/\/www.souris-glacee.com\/wp-content\/gallery\/photogrammes_profiles\/thumbs\/thumbs_valerie-et-stephane.jpg\"\n\t\t\t\t\twidth=\"100\"\n\t\t\t\t\theight=\"75\"\n\t\t\t\t\tstyle=\"max-width:100%;\"\n\t\t\t\t\/>\n\t\t\t<\/a>\n\t\t<\/div>\n\t\t\t\t\t\t\t<\/div> \n\t\t\t\n\t\t\t\t<div id=\"ngg-image-7\" class=\"ngg-gallery-thumbnail-box \n\t\t\t\t\t\t\t\t\t\t\t\" \n\t\t\t>\n\t\t\t\t\t\t<div class=\"ngg-gallery-thumbnail\">\n\t\t\t<a href=\"https:\/\/www.souris-glacee.com\/wp-content\/gallery\/photogrammes_profiles\/laetitia-et-jeanlouis.jpg\"\n\t\t\t\ttitle=\"\\&quot;Laetitia et Jean-Louis\\&quot;. Composition de photogrammes de profils. 24x24cm. Souris glac\u00e9e 2000.\"\n\t\t\t\tdata-src=\"https:\/\/www.souris-glacee.com\/wp-content\/gallery\/photogrammes_profiles\/laetitia-et-jeanlouis.jpg\"\n\t\t\t\tdata-thumbnail=\"https:\/\/www.souris-glacee.com\/wp-content\/gallery\/photogrammes_profiles\/thumbs\/thumbs_laetitia-et-jeanlouis.jpg\"\n\t\t\t\tdata-image-id=\"168\"\n\t\t\t\tdata-title=\"laetitia-et-jeanlouis\"\n\t\t\t\tdata-description=\"&quot;Laetitia et Jean-Louis&quot;. Composition de photogrammes de profils. 24x24cm. Souris glac\u00e9e 2000.\"\n\t\t\t\tdata-image-slug=\"laetitia-et-jeanlouis\"\n\t\t\t\tclass='thickbox' rel='1c3939db1a8c43f7d2b418a78f79ef34'>\n\t\t\t\t<img\n\t\t\t\t\ttitle=\"laetitia-et-jeanlouis\"\n\t\t\t\t\talt=\"laetitia-et-jeanlouis\"\n\t\t\t\t\tsrc=\"https:\/\/www.souris-glacee.com\/wp-content\/gallery\/photogrammes_profiles\/thumbs\/thumbs_laetitia-et-jeanlouis.jpg\"\n\t\t\t\t\twidth=\"100\"\n\t\t\t\t\theight=\"75\"\n\t\t\t\t\tstyle=\"max-width:100%;\"\n\t\t\t\t\/>\n\t\t\t<\/a>\n\t\t<\/div>\n\t\t\t\t\t\t\t<\/div> \n\t\t\t\n\t\t\t\t<div id=\"ngg-image-8\" class=\"ngg-gallery-thumbnail-box \n\t\t\t\t\t\t\t\t\t\t\t\" \n\t\t\t>\n\t\t\t\t\t\t<div class=\"ngg-gallery-thumbnail\">\n\t\t\t<a href=\"https:\/\/www.souris-glacee.com\/wp-content\/gallery\/photogrammes_profiles\/thomas-et-manuela.jpg\"\n\t\t\t\ttitle=\"\\&quot;Manuela et Thomas\\&quot;. Composition de photogrammes de profils. 24x24cm. Souris glac\u00e9e 2005.\"\n\t\t\t\tdata-src=\"https:\/\/www.souris-glacee.com\/wp-content\/gallery\/photogrammes_profiles\/thomas-et-manuela.jpg\"\n\t\t\t\tdata-thumbnail=\"https:\/\/www.souris-glacee.com\/wp-content\/gallery\/photogrammes_profiles\/thumbs\/thumbs_thomas-et-manuela.jpg\"\n\t\t\t\tdata-image-id=\"166\"\n\t\t\t\tdata-title=\"thomas-et-manuela\"\n\t\t\t\tdata-description=\"&quot;Manuela et Thomas&quot;. Composition de photogrammes de profils. 24x24cm. Souris glac\u00e9e 2005.\"\n\t\t\t\tdata-image-slug=\"thomas-et-manuela\"\n\t\t\t\tclass='thickbox' rel='1c3939db1a8c43f7d2b418a78f79ef34'>\n\t\t\t\t<img\n\t\t\t\t\ttitle=\"thomas-et-manuela\"\n\t\t\t\t\talt=\"thomas-et-manuela\"\n\t\t\t\t\tsrc=\"https:\/\/www.souris-glacee.com\/wp-content\/gallery\/photogrammes_profiles\/thumbs\/thumbs_thomas-et-manuela.jpg\"\n\t\t\t\t\twidth=\"100\"\n\t\t\t\t\theight=\"75\"\n\t\t\t\t\tstyle=\"max-width:100%;\"\n\t\t\t\t\/>\n\t\t\t<\/a>\n\t\t<\/div>\n\t\t\t\t\t\t\t<\/div> \n\t\t\t\n\t\n\t<br style=\"clear: both\" \/>\n\n\t\n\t\t<!-- Pagination -->\n\t\t<div class='ngg-clear'><\/div>\t<\/div>\n\n<div style=\"height: 4.5em; visibility: hidden;\">space<\/div>\n","protected":false},"excerpt":{"rendered":"<p>Ces photogrammes sont le r\u00e9sultat de la superposition de deux photogrammes de profils (merci aux personnes ayant accept\u00e9 de poser leur t\u00eate sur le papier photo !). Si vous voulez voir votre couple comme vous ne l&#8217;avez jamais vu (de profil), contactez-moi, le tarif est \u00e0 la t\u00eate du client (fichier num\u00e9rique ou photogramme encadr\u00e9). [&hellip;]<\/p>\n","protected":false},"author":1,"featured_media":0,"parent":27,"menu_order":3,"comment_status":"closed","ping_status":"closed","template":"","meta":{"ngg_post_thumbnail":0,"footnotes":""},"_links":{"self":[{"href":"https:\/\/www.souris-glacee.com\/index.php?rest_route=\/wp\/v2\/pages\/76"}],"collection":[{"href":"https:\/\/www.souris-glacee.com\/index.php?rest_route=\/wp\/v2\/pages"}],"about":[{"href":"https:\/\/www.souris-glacee.com\/index.php?rest_route=\/wp\/v2\/types\/page"}],"author":[{"embeddable":true,"href":"https:\/\/www.souris-glacee.com\/index.php?rest_route=\/wp\/v2\/users\/1"}],"replies":[{"embeddable":true,"href":"https:\/\/www.souris-glacee.com\/index.php?rest_route=%2Fwp%2Fv2%2Fcomments&post=76"}],"version-history":[{"count":21,"href":"https:\/\/www.souris-glacee.com\/index.php?rest_route=\/wp\/v2\/pages\/76\/revisions"}],"predecessor-version":[{"id":692,"href":"https:\/\/www.souris-glacee.com\/index.php?rest_route=\/wp\/v2\/pages\/76\/revisions\/692"}],"up":[{"embeddable":true,"href":"https:\/\/www.souris-glacee.com\/index.php?rest_route=\/wp\/v2\/pages\/27"}],"wp:attachment":[{"href":"https:\/\/www.souris-glacee.com\/index.php?rest_route=%2Fwp%2Fv2%2Fmedia&parent=76"}],"curies":[{"name":"wp","href":"https:\/\/api.w.org\/{rel}","templated":true}]}}