{"id":45,"date":"2011-02-11T15:49:33","date_gmt":"2011-02-11T15:49:33","guid":{"rendered":"http:\/\/manuelaluchtmeijer.com\/sourisglacee\/wordpress\/?page_id=45"},"modified":"2011-05-09T04:57:48","modified_gmt":"2011-05-09T04:57:48","slug":"poemes-anonymes","status":"publish","type":"page","link":"https:\/\/www.souris-glacee.com\/?page_id=45","title":{"rendered":"po\u00e8mes anonymes"},"content":{"rendered":"<blockquote><p>Ces \u00ab\u00a0po\u00e8mes anonymes\u00a0\u00bb ont \u00e9t\u00e9 r\u00e9alis\u00e9s avec des mots et des morceaux  de phrases d\u00e9coup\u00e9s dans le journal Lib\u00e9ration de 1986 \u00e0 2005.<\/p><\/blockquote>\n<p><img loading=\"lazy\" decoding=\"async\" class=\"aligncenter size-full wp-image-660\" title=\"poesie du hasard\" src=\"http:\/\/www.souris-glacee.com\/wp-content\/uploads\/2011\/05\/poesie-du-hasard.jpg\" alt=\"\" width=\"296\" height=\"420\" srcset=\"https:\/\/www.souris-glacee.com\/wp-content\/uploads\/2011\/05\/poesie-du-hasard.jpg 296w, https:\/\/www.souris-glacee.com\/wp-content\/uploads\/2011\/05\/poesie-du-hasard-211x300.jpg 211w\" sizes=\"(max-width: 296px) 100vw, 296px\" \/><\/p>\n<div style=\"height: 1.4em; visibility: hidden;\">space<\/div>\n<p>\u00c0 mi-chemin entre la po\u00e9sie et les arts plastiques, ces textes peuvent \u00eatre vus soit comme de petits tableaux po\u00e9tiques, soit comme des po\u00e8mes graphiques.<br \/>\nAu d\u00e9part, il s\u2019agissait de collectionner les mots. Les mots d\u00e9coup\u00e9s \u00e9taient choisis pour leur sens propre, pour la r\u00e9sonance qu\u2019ils entra\u00eenaient. Puis ces mots ont \u00e9t\u00e9 assembl\u00e9s. Bien que collect\u00e9s pour certains \u00e0 des ann\u00e9es d\u2019intervalle, ils ont \u00e9t\u00e9 ainsi juxtapos\u00e9s pour former des petites histoires, des \u00ab\u00a0paysages mentaux\u00a0\u00bb.<br \/>\nCes textes parlent de la vie vue de l\u2019envers du d\u00e9cor. Ils racontent en pointill\u00e9s des histoires d\u00e9cal\u00e9es, inachev\u00e9es, parfois dr\u00f4les, souvent tragiques ou cruelles, histoires qui font \u00e9cho \u00e0 des sensations oubli\u00e9es de l\u2019enfance.<br \/>\nEn fait, ces po\u00e8mes nous plongent dans l\u2019\u00a0\u00ab\u00a0inqui\u00e9tante \u00e9tranget\u00e9\u00a0\u00bb au sens freudien du terme. L\u2019inqui\u00e9tant, c\u2019est ce sentiment qui nous saisit quand surgit dans le quotidien un \u00e9v\u00e9nement qui g\u00e9n\u00e8re un malaise ou une angoisse, quelque chose qui introduit une rupture, qui nous place entre le visible et l\u2019invisible, l\u00e0 o\u00f9 tout peut basculer. L\u2019inqui\u00e9tant recouvre une gamme de ph\u00e9nom\u00e8nes tr\u00e8s large\u00a0: cela peut-\u00eatre par exemple croiser plusieurs fois de suite la m\u00eame personne dans la rue \u2013\u00a0co\u00efncidence qui sonne comme \u00e9trange\u00a0\u2013 ou bien se trouver confront\u00e9 au \u00ab\u00a0monstrueux\u00a0\u00bb. En termes psychanalytiques, il s\u2019agit du retour dans la r\u00e9alit\u00e9 d\u2019une pens\u00e9e refoul\u00e9e. Et c\u2019est de \u00e7a dont nous parlent ces po\u00e8mes. Ils \u00e9voquent quelque chose qui n\u2019aurait pas d\u00fb se montrer, qui aurait d\u00fb rester intime. Mais on y trouve \u00e9galement la r\u00e9surgence d\u2019une crainte ancienne, d\u2019une frayeur d\u2019enfant qu\u2019on avait r\u00e9ussi \u00e0 oublier mais qui \u00e9tait rest\u00e9e l\u00e0, cach\u00e9e, attendant bien sagement que quelque chose (ou quelqu\u2019un\u00a0?) lui permette de s\u2019exprimer \u00e0 nouveau.<\/p>\n<ul>\n<li>Je pr\u00e9sente les originaux individuellement, expos\u00e9s sous verre en format 20&#215;30<\/li>\n<li>Les po\u00e8mes sont \u00e9galement compil\u00e9s dans un\u00a0livre auto-\u00e9dit\u00e9 aux \u00e9ditions Souris glac\u00e9e<\/li>\n<\/ul>\n<p><img loading=\"lazy\" decoding=\"async\" class=\"aligncenter size-full wp-image-667\" title=\"article-Libe\" src=\"http:\/\/www.souris-glacee.com\/wp-content\/uploads\/2011\/05\/article-Libe.jpg\" alt=\"\" width=\"218\" height=\"308\" srcset=\"https:\/\/www.souris-glacee.com\/wp-content\/uploads\/2011\/05\/article-Libe.jpg 218w, https:\/\/www.souris-glacee.com\/wp-content\/uploads\/2011\/05\/article-Libe-212x300.jpg 212w\" sizes=\"(max-width: 218px) 100vw, 218px\" \/><\/p>\n<p style=\"text-align: center;\"><em> Article paru dans Lib\u00e9ration du 30\/03\/06 <\/em><\/p>\n<div style=\"height: 1.4em; visibility: hidden;\">space<\/div>\n","protected":false},"excerpt":{"rendered":"<p>Ces \u00ab\u00a0po\u00e8mes anonymes\u00a0\u00bb ont \u00e9t\u00e9 r\u00e9alis\u00e9s avec des mots et des morceaux de phrases d\u00e9coup\u00e9s dans le journal Lib\u00e9ration de 1986 \u00e0 2005. space \u00c0 mi-chemin entre la po\u00e9sie et les arts plastiques, ces textes peuvent \u00eatre vus soit comme de petits tableaux po\u00e9tiques, soit comme des po\u00e8mes graphiques. Au d\u00e9part, il s\u2019agissait de collectionner [&hellip;]<\/p>\n","protected":false},"author":1,"featured_media":0,"parent":0,"menu_order":3,"comment_status":"closed","ping_status":"closed","template":"","meta":{"ngg_post_thumbnail":0,"footnotes":""},"_links":{"self":[{"href":"https:\/\/www.souris-glacee.com\/index.php?rest_route=\/wp\/v2\/pages\/45"}],"collection":[{"href":"https:\/\/www.souris-glacee.com\/index.php?rest_route=\/wp\/v2\/pages"}],"about":[{"href":"https:\/\/www.souris-glacee.com\/index.php?rest_route=\/wp\/v2\/types\/page"}],"author":[{"embeddable":true,"href":"https:\/\/www.souris-glacee.com\/index.php?rest_route=\/wp\/v2\/users\/1"}],"replies":[{"embeddable":true,"href":"https:\/\/www.souris-glacee.com\/index.php?rest_route=%2Fwp%2Fv2%2Fcomments&post=45"}],"version-history":[{"count":15,"href":"https:\/\/www.souris-glacee.com\/index.php?rest_route=\/wp\/v2\/pages\/45\/revisions"}],"predecessor-version":[{"id":137,"href":"https:\/\/www.souris-glacee.com\/index.php?rest_route=\/wp\/v2\/pages\/45\/revisions\/137"}],"wp:attachment":[{"href":"https:\/\/www.souris-glacee.com\/index.php?rest_route=%2Fwp%2Fv2%2Fmedia&parent=45"}],"curies":[{"name":"wp","href":"https:\/\/api.w.org\/{rel}","templated":true}]}}