{"id":2,"date":"2011-02-04T19:05:02","date_gmt":"2011-02-04T19:05:02","guid":{"rendered":"http:\/\/manuelaluchtmeijer.com\/sourisglacee\/wordpress\/?page_id=2"},"modified":"2026-01-10T16:20:14","modified_gmt":"2026-01-10T15:20:14","slug":"about","status":"publish","type":"page","link":"https:\/\/www.souris-glacee.com\/?page_id=2","title":{"rendered":"souris glac\u00e9e"},"content":{"rendered":"<div style=\"height: 1.4em; visibility: hidden;\">space<\/div>\n<p><strong><img loading=\"lazy\" decoding=\"async\" class=\"aligncenter size-medium wp-image-861\" src=\"http:\/\/www.souris-glacee.com\/wp-content\/uploads\/2026\/01\/photo-Nathalie-de-Parseval-dans-son-atelier-bijoux-en-beton-Icy-Mouse-par-Marion-Saupin-200x300.jpg\" alt=\"\" width=\"200\" height=\"300\" srcset=\"https:\/\/www.souris-glacee.com\/wp-content\/uploads\/2026\/01\/photo-Nathalie-de-Parseval-dans-son-atelier-bijoux-en-beton-Icy-Mouse-par-Marion-Saupin-200x300.jpg 200w, https:\/\/www.souris-glacee.com\/wp-content\/uploads\/2026\/01\/photo-Nathalie-de-Parseval-dans-son-atelier-bijoux-en-beton-Icy-Mouse-par-Marion-Saupin-400x600.jpg 400w, https:\/\/www.souris-glacee.com\/wp-content\/uploads\/2026\/01\/photo-Nathalie-de-Parseval-dans-son-atelier-bijoux-en-beton-Icy-Mouse-par-Marion-Saupin.jpg 533w\" sizes=\"(max-width: 200px) 100vw, 200px\" \/><\/strong><\/p>\n<ul>\n<li><strong>date de naissance<\/strong> : 19 d\u00e9cembre 1966<\/li>\n<li><strong>date de d\u00e9but de production artistique<\/strong> : 1986<\/li>\n<li><strong>date de d\u00e9but de cr\u00e9ation de bijoux :<\/strong> 2020<\/li>\n<li><strong>moyens d\u2019expression<\/strong> : po\u00e9sie, photogrammes, photographies, collages, assemblages de tissus, peinture, bijoux<\/li>\n<li><strong>caract\u00e9ristiques artistiques<\/strong> : impossibilit\u00e9 d\u2019utiliser un pinceau ou un crayon, go\u00fbt pour les ustensiles et les techniques improbables, les mati\u00e8res d\u00e9cal\u00e9es<\/li>\n<li><strong>obsessions artistiques <\/strong>: accumulation, empreinte, traces, contraste, d\u00e9calage, vertige<\/li>\n<\/ul>\n<div style=\"height: 0.7em; visibility: hidden;\">space<\/div>\n<h3>activit\u00e9s non-artistiques<\/h3>\n<ul>\n<li><strong>depuis 2013 :<\/strong> Responsable du p\u00f4le Appui et coordination scientifique \u00e0 &nbsp;l&#8217;Institut Pasteur&nbsp;<\/li>\n<li><strong>2011-2013<\/strong> : Responsable du p\u00f4le Sant\u00e9 Publique de l&#8217;Institut Th\u00e9matique Multi-Organisme Sant\u00e9 Publique de l&#8217;Alliance pour les Sciences de la Vie et de La Sant\u00e9<\/li>\n<li><strong>2006-2013<\/strong> : Secr\u00e9taire g\u00e9n\u00e9rale de l&#8217;Institut de Recherche en Sant\u00e9 Publique (GIS-IReSP), agence d&#8217;objectifs et de moyens pour la recherche en Sant\u00e9 Publique regroupant 23 acteurs de la recherche en Sant\u00e9 Publique en France<\/li>\n<li><strong>1999-2005<\/strong> : Charg\u00e9e de Recherche \u00e0 l&#8217;Inserm. Recherche sur l&#8217;implication des r\u00e9trovirus endog\u00e8nes dans la canc\u00e9rog\u00e9n\u00e8se, dans l&#8217;unit\u00e9 CNRS UMR 8122 \u00e0 l&#8217;Institut Gustave Roussy, Villejuif<\/li>\n<li><strong>publication <\/strong>de 1993 \u00e0 2005 de 20 articles sur les travaux de recherche effectu\u00e9s, dans des revues scientifiques internationales<\/li>\n<\/ul>\n<div style=\"height: 0.7em; visibility: hidden;\">space<\/div>\n<h3>divers<\/h3>\n<ul>\n<li>auto-\u00e9dition des po\u00e8mes anonymes, cr\u00e9ation des \u00e9ditions Souris glac\u00e9e en 2006<\/li>\n<li>cr\u00e9ation de la marque &#8220;Icy Mouse&#8221; bijoux en 2020<\/li>\n<\/ul>\n<div style=\"height: 1.4em; visibility: hidden;\">space<\/div>\n","protected":false},"excerpt":{"rendered":"<p>space date de naissance : 19 d\u00e9cembre 1966 date de d\u00e9but de production artistique : 1986 date de d\u00e9but de cr\u00e9ation de bijoux : 2020 moyens d\u2019expression : po\u00e9sie, photogrammes, photographies, collages, assemblages de tissus, peinture, bijoux caract\u00e9ristiques artistiques : impossibilit\u00e9 d\u2019utiliser un pinceau ou un crayon, go\u00fbt pour les ustensiles et les techniques improbables, [&hellip;]<\/p>\n","protected":false},"author":1,"featured_media":0,"parent":0,"menu_order":8,"comment_status":"closed","ping_status":"closed","template":"","meta":{"ngg_post_thumbnail":0,"footnotes":""},"_links":{"self":[{"href":"https:\/\/www.souris-glacee.com\/index.php?rest_route=\/wp\/v2\/pages\/2"}],"collection":[{"href":"https:\/\/www.souris-glacee.com\/index.php?rest_route=\/wp\/v2\/pages"}],"about":[{"href":"https:\/\/www.souris-glacee.com\/index.php?rest_route=\/wp\/v2\/types\/page"}],"author":[{"embeddable":true,"href":"https:\/\/www.souris-glacee.com\/index.php?rest_route=\/wp\/v2\/users\/1"}],"replies":[{"embeddable":true,"href":"https:\/\/www.souris-glacee.com\/index.php?rest_route=%2Fwp%2Fv2%2Fcomments&post=2"}],"version-history":[{"count":41,"href":"https:\/\/www.souris-glacee.com\/index.php?rest_route=\/wp\/v2\/pages\/2\/revisions"}],"predecessor-version":[{"id":867,"href":"https:\/\/www.souris-glacee.com\/index.php?rest_route=\/wp\/v2\/pages\/2\/revisions\/867"}],"wp:attachment":[{"href":"https:\/\/www.souris-glacee.com\/index.php?rest_route=%2Fwp%2Fv2%2Fmedia&parent=2"}],"curies":[{"name":"wp","href":"https:\/\/api.w.org\/{rel}","templated":true}]}}