{"id":141,"date":"2011-02-14T08:23:02","date_gmt":"2011-02-14T08:23:02","guid":{"rendered":"http:\/\/manuelaluchtmeijer.com\/sourisglacee\/wordpress\/?page_id=141"},"modified":"2011-05-09T13:15:58","modified_gmt":"2011-05-09T13:15:58","slug":"livre","status":"publish","type":"page","link":"https:\/\/www.souris-glacee.com\/?page_id=141","title":{"rendered":"livre"},"content":{"rendered":"<div style=\"height: 1.4em; visibility: hidden;\">space<\/div>\n<blockquote><p>J&#8217;ai auto-\u00e9dit\u00e9 mes po\u00e8mes sous forme d&#8217;un livre de 84 pages que je vends 15 \u20ac.<\/p><\/blockquote>\n<div style=\"height: 1.4em; visibility: hidden;\">space<\/div>\n<p><img loading=\"lazy\" decoding=\"async\" class=\"aligncenter size-full wp-image-671\" title=\"livre_3\" src=\"http:\/\/www.souris-glacee.com\/wp-content\/uploads\/2011\/05\/livre_3.jpg\" alt=\"\" width=\"639\" height=\"224\" srcset=\"https:\/\/www.souris-glacee.com\/wp-content\/uploads\/2011\/05\/livre_3.jpg 639w, https:\/\/www.souris-glacee.com\/wp-content\/uploads\/2011\/05\/livre_3-300x105.jpg 300w, https:\/\/www.souris-glacee.com\/wp-content\/uploads\/2011\/05\/livre_3-600x210.jpg 600w\" sizes=\"(max-width: 639px) 100vw, 639px\" \/><\/p>\n<div style=\"height: 1.4em; visibility: hidden;\">space<\/div>\n<h3>pour acheter le livre<\/h3>\n<p>Veuillez m&#8217;envoyer un ch\u00e8que de 15 \u20ac (TTC, frais de port compris) \u00e0 l&#8217;ordre de<\/p>\n<div style=\"height: 1.4em; visibility: hidden;\">space<\/div>\n<address>Nathalie de Parseval<\/address>\n<address>146, rue du Chemin Vert,<\/address>\n<address>75011 PARIS<\/address>\n<p>et je vous envoie le livre par retour de courrier.<\/p>\n<div style=\"height: 1.4em; visibility: hidden;\">space<\/div>\n<p><em>Si vous voulez une d\u00e9dicace, n&#8217;oubliez pas de me le pr\u00e9ciser !<\/em><\/p>\n<div style=\"height: 1.4em; visibility: hidden;\">space<\/div>\n","protected":false},"excerpt":{"rendered":"<p>space J&#8217;ai auto-\u00e9dit\u00e9 mes po\u00e8mes sous forme d&#8217;un livre de 84 pages que je vends 15 \u20ac. space space pour acheter le livre Veuillez m&#8217;envoyer un ch\u00e8que de 15 \u20ac (TTC, frais de port compris) \u00e0 l&#8217;ordre de space Nathalie de Parseval 146, rue du Chemin Vert, 75011 PARIS et je vous envoie le livre [&hellip;]<\/p>\n","protected":false},"author":1,"featured_media":0,"parent":45,"menu_order":0,"comment_status":"closed","ping_status":"closed","template":"","meta":{"ngg_post_thumbnail":0,"footnotes":""},"_links":{"self":[{"href":"https:\/\/www.souris-glacee.com\/index.php?rest_route=\/wp\/v2\/pages\/141"}],"collection":[{"href":"https:\/\/www.souris-glacee.com\/index.php?rest_route=\/wp\/v2\/pages"}],"about":[{"href":"https:\/\/www.souris-glacee.com\/index.php?rest_route=\/wp\/v2\/types\/page"}],"author":[{"embeddable":true,"href":"https:\/\/www.souris-glacee.com\/index.php?rest_route=\/wp\/v2\/users\/1"}],"replies":[{"embeddable":true,"href":"https:\/\/www.souris-glacee.com\/index.php?rest_route=%2Fwp%2Fv2%2Fcomments&post=141"}],"version-history":[{"count":16,"href":"https:\/\/www.souris-glacee.com\/index.php?rest_route=\/wp\/v2\/pages\/141\/revisions"}],"predecessor-version":[{"id":155,"href":"https:\/\/www.souris-glacee.com\/index.php?rest_route=\/wp\/v2\/pages\/141\/revisions\/155"}],"up":[{"embeddable":true,"href":"https:\/\/www.souris-glacee.com\/index.php?rest_route=\/wp\/v2\/pages\/45"}],"wp:attachment":[{"href":"https:\/\/www.souris-glacee.com\/index.php?rest_route=%2Fwp%2Fv2%2Fmedia&parent=141"}],"curies":[{"name":"wp","href":"https:\/\/api.w.org\/{rel}","templated":true}]}}